{"id":2009,"date":"2021-01-27T13:17:43","date_gmt":"2021-01-27T12:17:43","guid":{"rendered":"https:\/\/www.cascinabellonuovo.com\/hotel-term-condition\/"},"modified":"2021-12-02T15:37:09","modified_gmt":"2021-12-02T14:37:09","slug":"geschaeftsbedingungen","status":"publish","type":"page","link":"https:\/\/www.cascinabellonuovo.com\/de\/geschaeftsbedingungen\/","title":{"rendered":"Gesch\u00e4ftsbedingungen"},"content":{"rendered":"\n<p>Per Termini e Condizioni, si intende il documento che disciplina il rapporto contrattuale fra il Titolare del servizio fornito dal sito e l\u2019Utente. Possono essere quindi definiti impropriamente come un \u201ccontratto\u201d in cui il Titolare chiarisce quali sono le condizioni di utilizzo del proprio servizio, come quelle relative all\u2019uso dei contenuti (<em>copyright<\/em>), alle regole che gli Utenti devono seguire per interagire tra loro all\u2019interno del sito, alle eventuali modalit\u00e0 di cancellazione o sospensione dell\u2019account ecc.<\/p>\n\n\n\n<p>L&#8217;utilizzo del presente sito web www.cascinabellonuovo.com\/.it (di seguito, il \u201cSito\u201d) e l&#8217;accesso alle utilit\u00e0 e funzionalit\u00e0 del medesimo \u00e8 subordinato all\u2019accettazione, da parte dell\u2019Utente dei seguenti termini e condizioni d\u2019uso (di seguito, le \u201cCondizioni d\u2019uso\u201d), e alle leggi applicabili.<\/p>\n\n\n\n<p>Accedendo al Sito, e consultando il medesimo, l\u2019Utente accetta, senza limitazioni o riserve, le Condizioni d\u2019uso di seguito specificate. Le seguenti Condizioni d\u2019uso disciplinano l\u2019utilizzo di questo Sito, e, continuando la navigazione ed usufruendo delle funzionalit\u00e0 offerte dal medesimo, sono accettati dall\u2019Utente. Qualora le Condizioni d\u2019uso non siano accettate, l\u2019Utente \u00e8 invitato a non utilizzare il Sito.<\/p>\n\n\n\n<p>Il Sito \u00e8 di propriet\u00e0 della Azienda Agricola Bellonuovo di Montrucchio Emanuele, &nbsp;con sede &nbsp;in Localit\u00e0 Altavilla, 50 , &nbsp;Alba &nbsp;(CN), Italia, Tel: (+39) 0173 064749 (di seguito, anche \u201cTitolare\u201d).<\/p>\n\n\n\n<p>Partita IVA: 03644840047<\/p>\n\n\n\n<p>Codice Fiscale: MNTMNL90H23A124Q<\/p>\n\n\n\n<p>E-mail: info@cascinabellonuovo.com<\/p>\n\n\n\n<p>Per qualsiasi ulteriore richiesta e\/o informazione \u00e8, in ogni caso, possibile contattare il Titolare attraverso il \u201cmodulo online\u201d o i recapiti presenti alla sezione \u201cContatti\u201d alla pagina&nbsp;<a href=\"https:\/\/www.cascinabellonuovo.com\/contatti\">https:\/\/www.cascinabellonuovo.com\/contatti<\/a>, oppure attraverso l\u2019invio di una email all\u2019indirizzo:&nbsp;<a href=\"mailto:info@cascinabellonuovo.com\">info@cascinabellonuovo.com<\/a> .<\/p>\n\n\n\n<ol class=\"wp-block-list\" type=\"A\"><li>Tipologia di Utenti<\/li><\/ol>\n\n\n\n<p>Si premette che l\u2019Az. Agr. Bellonuovo di Montrucchio Emanuele svolge attivit\u00e0 di commercio elettronico, pertanto la vendita dei suoi prodotti \u00e8 destinata al commercio cosiddetto B2C (business to consumer) pertanto al commercio rivolto ai consumatori cos\u00ec come qualificati dal D.Lgs. 206\/2005.<\/p>\n\n\n\n<p>Tuttavia il presente Sito pu\u00f2 essere liberamente visionato da chiunque e pertanto in relazione all&#8217;utilizzo di Sito vi sono due tipologie di Utenti: Utenti Semplici ed Utenti Professionali.<\/p>\n\n\n\n<p>Il semplice accesso al sito pu\u00f2 avvenire anche in forma anonima, senza necessit\u00e0 di registrazione, la quel ultima diviene essenziale per il caso di acquisti online (e-commerce)<\/p>\n\n\n\n<ul class=\"wp-block-list\"><li>Informazioni inviate dagli Utenti<\/li><\/ul>\n\n\n\n<p>Qualsiasi informazione inviata al Sito (compresi i dati, domande, commenti, o altro) verr\u00e0 sempre ritenuto confidenziale. L\u2019Utente garantisce di tenere indenne il Titolare da qualsiasi azione, richiesta, pretesa e\/o domanda avanzata da terzi in relazione all\u2019utilizzo di tale materiale.<\/p>\n\n\n\n<ul class=\"wp-block-list\"><li>Limitazioni di responsabilit\u00e0<\/li><\/ul>\n\n\n\n<p>Il Titolare si adoperer\u00e0 per pubblicare informazioni quanto pi\u00f9 possibile precise, complete ed aggiornate sul Sito. Tuttavia, sin d\u2019ora, non si fornisce alcuna garanzia che l\u2019uso delle informazioni non violi diritti di terzi, n\u00e9 che esse siano prive di errori, esatte, complete e\/o aggiornate. In nessun caso il Titolare potr\u00e0 essere considerato responsabile per qualsiasi conseguenza negativa, danno e\/o perdita, derivante e\/o connessa all\u2019uso del sito o delle informazioni in esso contenute.<\/p>\n\n\n\n<ul class=\"wp-block-list\"><li>Minori&nbsp;<\/li><\/ul>\n\n\n\n<p>L\u2019utilizzo dei Servizi \u00e8 limitato esclusivamente ai maggiorenni. Per utilizzare il Servizio i minori devono avere precedentemente ottenuto il permesso dei genitori, tutori o rappresentanti legali, che saranno responsabili di tutti gli atti realizzati attraverso Sito da parte di minori a loro affidati.<\/p>\n\n\n\n<ul class=\"wp-block-list\"><li>Siti, links e contenuti di terzi<\/li><\/ul>\n\n\n\n<p>Il Titolare non pu\u00f2 controllare il contenuto di siti di terzi e di pagine esterne a cui il Sito possa essere in qualche modo, direttamente o indirettamente, collegato e non assume, pertanto, alcuna responsabilit\u00e0 per il contenuto di siti di terzi e pagine esterne al suo Sito per le quali vi sia stato un collegamento con lo stesso. Il collegamento a pagine esterne al Sito avviene ad esclusivo onere e responsabilit\u00e0 dell\u2019Utente. Il collegamento tramite link ad altri siti non implica alcun rapporto di affiliazione e\/o collaborazione dei terzi titolari dei medesimi siti con il Titolare.<\/p>\n\n\n\n<ul class=\"wp-block-list\"><li>Registrazione<\/li><\/ul>\n\n\n\n<p>L\u2019Utente Professionale, qualora intenda usufruire dei Servizi offerti tramite il Sito, potr\u00e0 registrarsi sul Sito creando un account, seguendo le istruzioni di compilazione ed inserendo i propri dati nell\u2019apposito<em> form<\/em> di registrazione. L\u2019Utente garantisce al Titolare che le indicazioni fornite per la registrazione sono aggiornate, veritiere e corrette, e si impegna a comunicare ogni variazione dei dati, attraverso l\u2019aggiornamento delle informazioni presenti nel proprio account personale oppure comunicandolo via email alla Titolare all\u2019indirizzo&nbsp;<a href=\"about:blank\">info@<\/a>cascinabellonuovo.com. Nel caso in cui il Titolare dovesse ritenere che le informazioni non siano corrette, o per una qualunque grave ragione ritenesse tale misura giustificata, potr\u00e0 negare l&#8217;accesso al Sito o sospendere l\u2019account dell\u2019Utente.<\/p>\n\n\n\n<p>I servizi gratuiti e\/o i contenuti di Sito potranno essere erogati a tempo indeterminato fin quando l\u2019account dell\u2019Utente rimarr\u00e0 attivo. Il Titolare ha il potere di chiudere, sospendere o interrompere unilateralmente in qualsiasi momento e senza preavviso, la prestazione del Servizio e del Sito.<\/p>\n\n\n\n<ul class=\"wp-block-list\"><li>Limitazioni ulteriori<\/li><\/ul>\n\n\n\n<p>\u00c8 consentito il solo collegamento alla \u201cHomepage\u201d del Sito da parte di terzi. In nessun caso \u00e8 consentito il cd. &#8220;deep linking&#8221; senza la previa autorizzazione scritta del Titolare. Non \u00e8 consentito il &#8220;framing&#8221; del Sito o di porzioni dello stesso da parte di terzi, n\u00e9 \u00e8 consentito l\u2019uso di qualsiasi altro mezzo che possa indurre gli Utenti a ritenere che il contenuto del Sito sia riconducibile a terzi. \u00c8 inoltre proibita qualsiasi inclusione di porzioni del Sito in siti di terzi estranei alla Titolare.<\/p>\n\n\n\n<p>Qualsiasi richiesta di collegamento alla \u201cHomepage\u201d del Sito o a qualsiasi altra sezione, pagina o contenuto pu\u00f2 essere inviata al seguente indirizzo:&nbsp;info@cascinabellonuovo.com. Il Titolare conceder\u00e0 l\u2019autorizzazione all\u2019attivazione di link al Sito a propria discrezione, a titolo gratuito e in via non esclusiva.<\/p>\n\n\n\n<p>L\u2019Az. Agr. Bellonuovo di Montrucchio Emanuele \u00e8 il Titolare esclusivo dei contenuti del Sito, ivi compresi a titolo esemplificativo e non esaustivo i testi, i documenti, le immagini, i loghi, le fotografie, il layout delle pagine, il design; alcuni dei predetti contenuti possono essere coperti da copyright e\/o altri diritti di propriet\u00e0 intellettuale riconosciuti dall\u2019ordinamento italiano ed internazionale. Nessun contenuto del Sito pu\u00f2 essere considerato o interpretato come concesso in licenza da Az. Agr. Bellonuovo di Montrucchio Emanuele&nbsp; o come oggetto di qualsivoglia altro diritto di utilizzo da parte degli Utenti e\/o di soggetti terzi.<\/p>\n\n\n\n<ul class=\"wp-block-list\"><li>Privacy e Protezione dei Dati Personali&nbsp;<\/li><\/ul>\n\n\n\n<p>I dati personali degli Utenti sono trattati in conformit\u00e0 alle norme vigenti. Per ulteriori informazioni si prega di prendere visione della&nbsp;<a href=\"https:\/\/www.cascinabellonuovo.com\/de\/privacy-policy\/\">Privacy Policy<\/a><\/p>\n\n\n\n<ol class=\"wp-block-list\" type=\"I\"><li>Cookie<\/li><\/ol>\n\n\n\n<p>Alcune pagine di Sito dispongono di cookies non invasivi o dannosi, n\u00e9 contenenti dati personali: l&#8217;unica funzione dei cookies \u00e8 quella di personalizzare la navigazione. L&#8217;Utente pu\u00f2 attivare le impostazioni del proprio browser per rifiutare l&#8217;installazione di cookies. Per ulteriori informazioni, si prega di prendere visione&nbsp;<a href=\"https:\/\/www.cascinabellonuovo.com\/de\/cookie\/\">Cookie Policy<\/a>.<\/p>\n\n\n\n<p>Documento aggiornato al mese di Ottobre 2021.<\/p>\n\n\n\n<p>Il Titolare ha facolt\u00e0 di modificare in qualsiasi momento e senza preavviso i \u201cTermini e Condizioni d\u2019Uso\u201d del presente sito web. L\u2019Utente \u00e8 vincolato da tali modifiche e deve pertanto consultare periodicamente questa pagina per verificare il contenuto delle Condizioni d\u2019uso alle quali \u00e8 vincolato.<\/p>\n","protected":false},"excerpt":{"rendered":"<p>Per Termini e Condizioni, si intende il documento che disciplina il rapporto contrattuale fra il Titolare del servizio fornito dal sito e l\u2019Utente. Possono essere quindi definiti impropriamente come un \u201ccontratto\u201d in cui il Titolare chiarisce quali sono le condizioni di utilizzo del proprio&#8230; <\/p>\n<div class=\"itemNews__readmore\"><a href=\"https:\/\/www.cascinabellonuovo.com\/de\/geschaeftsbedingungen\/\" class=\"btn-link\">READ MORE<\/a><\/div>\n","protected":false},"author":1,"featured_media":0,"parent":0,"menu_order":0,"comment_status":"closed","ping_status":"closed","template":"","meta":{"_seopress_robots_primary_cat":"","_seopress_titles_title":"","_seopress_titles_desc":"","_seopress_robots_index":"yes","footnotes":""},"class_list":["post-2009","page","type-page","status-publish","hentry"],"_links":{"self":[{"href":"https:\/\/www.cascinabellonuovo.com\/de\/wp-json\/wp\/v2\/pages\/2009","targetHints":{"allow":["GET"]}}],"collection":[{"href":"https:\/\/www.cascinabellonuovo.com\/de\/wp-json\/wp\/v2\/pages"}],"about":[{"href":"https:\/\/www.cascinabellonuovo.com\/de\/wp-json\/wp\/v2\/types\/page"}],"author":[{"embeddable":true,"href":"https:\/\/www.cascinabellonuovo.com\/de\/wp-json\/wp\/v2\/users\/1"}],"replies":[{"embeddable":true,"href":"https:\/\/www.cascinabellonuovo.com\/de\/wp-json\/wp\/v2\/comments?post=2009"}],"version-history":[{"count":0,"href":"https:\/\/www.cascinabellonuovo.com\/de\/wp-json\/wp\/v2\/pages\/2009\/revisions"}],"wp:attachment":[{"href":"https:\/\/www.cascinabellonuovo.com\/de\/wp-json\/wp\/v2\/media?parent=2009"}],"curies":[{"name":"wp","href":"https:\/\/api.w.org\/{rel}","templated":true}]}}