{"id":1993,"date":"2020-10-07T23:10:29","date_gmt":"2020-10-07T23:10:29","guid":{"rendered":"https:\/\/www.cascinabellonuovo.com\/privacy-policy-2\/"},"modified":"2021-11-09T11:54:36","modified_gmt":"2021-11-09T10:54:36","slug":"privacy-policy","status":"publish","type":"page","link":"https:\/\/www.cascinabellonuovo.com\/en\/privacy-policy\/","title":{"rendered":"Privacy Policy"},"content":{"rendered":"\n<p>Ai sensi della normativa vigente e di quanto previsto dall&#8217;art. 13 del Regolamento UE 2016\/679 del Parlamento europeo e del Consiglio, del 27 aprile 2016, relativo alla protezione delle persone fisiche con riguardo al trattamento dei dati personali, nonch\u00e9 alla libera circolazione di tali dati (di seguito &#8220;Regolamento&#8221;), La informiamo che il Titolare del trattamento dei dati da Lei forniti \u00e8 l\u2019<strong>Azienda Agricola Bellonuovo di Montrucchio Emanuele <\/strong>con sede in Alba, Localit\u00e0 Altavilla n.50, (P.iva\/c.f. 03644840047)<br><br><strong>Dati di navigazione<\/strong><br><br>I sistemi informatici e i programmi informatici utilizzati per il funzionamento del sito raccolgono alcuni dati personali la cui trasmissione \u00e8 implicita nell&#8217;uso dei protocolli di comunicazione di Internet (es. indirizzi IP o nomi a dominio dei computer utilizzati dagli utenti che si connettono al sito, gli indirizzi URI -Uniform Resource Identifier- delle risorse richieste, orario della richiesta, metodo utilizzato nel sottoporre la richiesta al server, dimensione del file ottenuto in risposta, codice numerico circa lo stato della risposta resa dal server -buon fine, errore, ecc.- ed altri parametri relativi al sistema operativo e all&#8217;ambiente informatico dell&#8217;utente). Bench\u00e9 si tratti di informazioni che non sono raccolte per essere associate a interessati identificati, per loro natura potrebbero, attraverso elaborazioni ed associazioni con dati detenuti da terzi, consentire di identificare gli utenti.<br><br>Tali dati sono utilizzati al solo fine di ricavare informazioni statistiche non associate ad alcun dato identificativo dell&#8217;utente sull&#8217;uso del sito e per controllarne il corretto funzionamento e vengono cancellati immediatamente dopo l&#8217;elaborazione. I dati potrebbero essere utilizzati per l&#8217;accertamento di responsabilit\u00e0 in caso di ipotetici reati informatici ai danni del Sito.<br><br><strong>Dati forniti volontariamente dall\u2019utente<\/strong><br><br>Per la consultazione del sito non \u00e8 richiesto alcun conferimento di dati personali da parte dell\u2019utente.<br>Tuttavia, eventuali contatti con l\u2019Az. Agricola Bellonuovo di Montrucchio Emanuele (P.iva\/c.f. 03644840047), tramite il servizio consumatori, o l&#8217;invio facoltativo, esplicito e spontaneo di messaggi, di posta elettronica o tradizionale, ai recapiti della Az. Agricola Bellonuovo, indicati sul sito, comportano la successiva acquisizione dell&#8217;indirizzo, anche e-mail, del mittente o della relativa numerazione telefonica, necessari per rispondere alle richieste, nonch\u00e9 di eventuali altri dati personali inseriti nelle relative comunicazioni.<br><br>Tali dati saranno utilizzati al solo fine di dar seguito alla richiesta dell&#8217;utente e potranno essere comunicati a terzi solo nel caso in cui ci\u00f2 sia necessario a tal fine.<br><br>Per il trattamento dei dati per tali finalit\u00e0 non occorre il Suo consenso poich\u00e9 il trattamento \u00e8 necessario all&#8217;esecuzione di un contratto di cui Lei \u00e8 parte o all&#8217;esecuzione di misure precontrattuali adottate su Sua richiesta (art. 6, comma 1, lett. b) del Regolamento), nonch\u00e9, ove applicabile, per adempiere un obbligo legale (art. 6, comma 1, lett. a) del Regolamento).<br><br>Il trattamento dei dati avverr\u00e0, da parte di personale incaricato dalla Az. Agricola Bellonuovo con procedure, strumenti tecnici e informatici idonei a tutelare la riservatezza e la sicurezza dei Suoi dati e consiste nella loro raccolta, registrazione, organizzazione, conservazione, consultazione, elaborazione, modificazione, selezione, estrazione, raffronto, utilizzo, interconnessione, blocco, comunicazione, diffusione, cancellazione, distruzione degli stessi comprese la combinazione di due o pi\u00f9 delle attivit\u00e0 suddette.<br><br>Tali dati sono conservati per il tempo strettamente necessario a fornire all\u2019utente il servizio richiesto e sono eliminati subito dopo, salvi ulteriori obblighi di conservazione previsti dalla legge. I Suoi dati non saranno diffusi.<br><br>Nell&#8217;ambito della sua attivit\u00e0 e per le finalit\u00e0 sopra indicate l\u2019Az. Agricola Bellonuovo potr\u00e0 avvalersi di servizi resi da soggetti terzi che operano per conto della Az. Agricola Bellonuovo e secondo le sue istruzioni, quali responsabili del trattamento. Si tratta di soggetti che forniscono alla Az. Agricola Bellonuovo servizi elaborativi o strumentali (es. servizio consumatori, servizi informatici per il funzionamento del sito). Potr\u00e0 richiedere un elenco completo e aggiornato dei soggetti nominati responsabili del trattamento rivolgendosi ad uno dei contatti sotto indicati.<br><br>I dati potranno essere trasferiti all\u2019interno della Unione Europea, ove l\u2019Az. Agricola Bellonuovo o i suoi fornitori abbiano sede o abbiano i propri server in tali paesi. I dati non saranno trasferiti fuori dalla Unione Europea.<br><br>Avr\u00e0 facolt\u00e0, in qualsiasi momento, di esercitare i diritti previsti dalla normativa vigente, ivi incluso il diritto di:<br><br>&#8211; ricevere conferma dell\u2019esistenza dei suoi dati personali e accedere al loro contenuto;<\/p>\n\n\n\n<p>&#8211; aggiornare, modificare e\/o correggere i suoi dati personali;<\/p>\n\n\n\n<p>&#8211; chiederne la cancellazione, la trasformazione in forma anonima, il blocco dei dati trattati in violazione di legge o la limitazione del trattamento;<\/p>\n\n\n\n<p>&#8211; opporsi per motivi legittimi al trattamento;<\/p>\n\n\n\n<p>&#8211; ricevere copia dei dati da lei forniti e chiedere che tali dati siano trasmessi ad un altro titolare del trattamento; inviando specifica ad <strong>Azienda Agricola Bellonuovo di Montrucchio Emanuele<\/strong> con sede in Alba, Localit\u00e0 Altavilla n.50, email info@cascinabellonuovo.com<\/p>\n","protected":false},"excerpt":{"rendered":"<p>Ai sensi della normativa vigente e di quanto previsto dall&#8217;art. 13 del Regolamento UE 2016\/679 del Parlamento europeo e del Consiglio, del 27 aprile 2016, relativo alla protezione delle persone fisiche con riguardo al trattamento dei dati personali, nonch\u00e9 alla libera circolazione di tali&#8230; <\/p>\n<div class=\"itemNews__readmore\"><a href=\"https:\/\/www.cascinabellonuovo.com\/en\/privacy-policy\/\" class=\"btn-link\">READ MORE<\/a><\/div>\n","protected":false},"author":1,"featured_media":0,"parent":0,"menu_order":0,"comment_status":"closed","ping_status":"open","template":"","meta":{"_seopress_robots_primary_cat":"","_seopress_titles_title":"","_seopress_titles_desc":"","_seopress_robots_index":"yes","footnotes":""},"class_list":["post-1993","page","type-page","status-publish","hentry"],"_links":{"self":[{"href":"https:\/\/www.cascinabellonuovo.com\/en\/wp-json\/wp\/v2\/pages\/1993","targetHints":{"allow":["GET"]}}],"collection":[{"href":"https:\/\/www.cascinabellonuovo.com\/en\/wp-json\/wp\/v2\/pages"}],"about":[{"href":"https:\/\/www.cascinabellonuovo.com\/en\/wp-json\/wp\/v2\/types\/page"}],"author":[{"embeddable":true,"href":"https:\/\/www.cascinabellonuovo.com\/en\/wp-json\/wp\/v2\/users\/1"}],"replies":[{"embeddable":true,"href":"https:\/\/www.cascinabellonuovo.com\/en\/wp-json\/wp\/v2\/comments?post=1993"}],"version-history":[{"count":0,"href":"https:\/\/www.cascinabellonuovo.com\/en\/wp-json\/wp\/v2\/pages\/1993\/revisions"}],"wp:attachment":[{"href":"https:\/\/www.cascinabellonuovo.com\/en\/wp-json\/wp\/v2\/media?parent=1993"}],"curies":[{"name":"wp","href":"https:\/\/api.w.org\/{rel}","templated":true}]}}