{"id":1934,"date":"2020-11-08T11:47:37","date_gmt":"2020-11-08T10:47:37","guid":{"rendered":"https:\/\/www.cascinabellonuovo.com\/agriturismo\/"},"modified":"2021-10-27T12:22:57","modified_gmt":"2021-10-27T10:22:57","slug":"agritourisme","status":"publish","type":"page","link":"https:\/\/www.cascinabellonuovo.com\/fr\/agritourisme\/","title":{"rendered":"Agritourisme"},"content":{"rendered":"\t\t<div data-elementor-type=\"wp-page\" data-elementor-id=\"1934\" class=\"elementor elementor-1934 elementor-104\">\n\t\t\t\t\t\t<section class=\"elementor-section elementor-top-section elementor-element elementor-element-4cdb965 elementor-section-full_width elementor-section-height-default elementor-section-height-default\" data-id=\"4cdb965\" data-element_type=\"section\">\n\t\t\t\t\t\t<div class=\"elementor-container elementor-column-gap-no\">\n\t\t\t\t\t<div class=\"elementor-column elementor-col-100 elementor-top-column elementor-element elementor-element-0adc365\" data-id=\"0adc365\" data-element_type=\"column\">\n\t\t\t<div class=\"elementor-widget-wrap elementor-element-populated\">\n\t\t\t\t\t\t<div class=\"elementor-element elementor-element-1901c0a elementor-align-left elementor-widget elementor-widget-sochi-intro\" data-id=\"1901c0a\" data-element_type=\"widget\" data-widget_type=\"sochi-intro.default\">\n\t\t\t\t<div class=\"elementor-widget-container\">\n\t\t\t\n\t\t<!-- Intro -->\n\t\t<section class=\"intro\">\n\t\t    <div class=\"intro__bg-wrap\">\n\t\t    \t\t\t        <div class=\"overlay intro__bg js-image js-parallax\" data-image=\"\"><\/div>\n\t\t        \t\t\t<\/div>\n\t        <div class=\"container intro__container\">\n\t\t        <div class=\"row h-100 align-items-center\">\n\t\t\t        <div class=\"col-12 col-md-12 col-xl-8\">\n\t\t\t\t        \t\t\t\t        <span class=\"title title--overhead text-white js-lines\">\n\t\t\t\t        \t<span >Notre agritourisme vous offre beaucoup d'espaces communs qui vous permettent de vous relaxer au milieu de la nature et de l\u2019architecture.\n\n<\/span>\n\t\t\t\t        <\/span>\n\t\t                \t\t                \t\t                <h1 class=\"title title--default title--display-1 js-lines\">\n\t\t            \t\t<span >Bienvenue<\/span>\n\t\t            \t<\/h1>\n\t\t                \t\t                \t\t\t\t    <\/div>\n                <\/div>\t\t\t\t\n\t\t    <\/div>\n\t\t    \t\t    <!-- Scroll To -->\n\t\t    <a class=\"scroll-to\" href=\"http:\/\/!#about\">Scroll<span class=\"scroll-to__line\"><\/span><\/a>\n\t\t    \t    <\/section>\n\t    <!-- \/Intro -->\n\n\t    \n\t\t\t\t<\/div>\n\t\t\t\t<\/div>\n\t\t\t\t\t<\/div>\n\t\t<\/div>\n\t\t\t\t\t<\/div>\n\t\t<\/section>\n\t\t\t\t<section class=\"elementor-section elementor-inner-section elementor-element elementor-element-1579fdde elementor-section-boxed elementor-section-height-default elementor-section-height-default\" data-id=\"1579fdde\" data-element_type=\"section\">\n\t\t\t\t\t\t<div class=\"elementor-container elementor-column-gap-default\">\n\t\t\t\t\t<div class=\"elementor-column elementor-col-100 elementor-inner-column elementor-element elementor-element-72693a4a\" data-id=\"72693a4a\" data-element_type=\"column\">\n\t\t\t<div class=\"elementor-widget-wrap elementor-element-populated\">\n\t\t\t\t\t\t<div class=\"elementor-element elementor-element-56ac7ac3 elementor-widget elementor-widget-shortcode\" data-id=\"56ac7ac3\" data-element_type=\"widget\" data-widget_type=\"shortcode.default\">\n\t\t\t\t<div class=\"elementor-widget-container\">\n\t\t\t\t\t<div class=\"elementor-shortcode\"><div data-lang=\"fr\" data-hotel-id=\"cascinabellonuovo\" class=\"kross-container\"><\/div><\/div>\n\t\t\t\t<\/div>\n\t\t\t\t<\/div>\n\t\t\t\t\t<\/div>\n\t\t<\/div>\n\t\t\t\t\t<\/div>\n\t\t<\/section>\n\t\t\t\t<section class=\"elementor-section elementor-top-section elementor-element elementor-element-e6d630f elementor-section-full_width elementor-section-height-default elementor-section-height-default\" data-id=\"e6d630f\" data-element_type=\"section\">\n\t\t\t\t\t\t<div class=\"elementor-container elementor-column-gap-no\">\n\t\t\t\t\t<div class=\"elementor-column elementor-col-100 elementor-top-column elementor-element elementor-element-99ce14c\" data-id=\"99ce14c\" data-element_type=\"column\">\n\t\t\t<div class=\"elementor-widget-wrap elementor-element-populated\">\n\t\t\t\t\t\t<div class=\"elementor-element elementor-element-129719b elementor-widget elementor-widget-sochi-approach\" data-id=\"129719b\" data-element_type=\"widget\" data-widget_type=\"sochi-approach.default\">\n\t\t\t\t<div class=\"elementor-widget-container\">\n\t\t\t\t    \n\t\t<!-- Section Approach -->\n\t    <section class=\"container section\">\n\t    \t\t\t    <div class=\"row mb-4 mb-md-5\">\n\t\t        <div class=\"col-12\">\n\t\t        \t\t\t\t        <span class=\"title title--overhead js-lines\">\n\t\t\t        \t<span >Agritourisme<\/span>\n\t\t\t        <\/span>\n\t\t\t        \t\t\t        \t\t\t        <h3 class=\"title title--h1 js-lines\">\n\t\t\t        \t<span >Nos Services<\/span>\n\t\t\t        <\/h3>\n\t\t\t        \t\t\t    <\/div>\n\t\t\t<\/div>\n\t\t\t\n\t\t\t\t\t\t\t\t\t<!-- Item Approach -->\n\t\t\t<div class=\"row item-approach\" data-approach=\"01\">\n\t\t        <div class=\"col-12 col-lg-6\">\n\t\t\t        \t\t\t        <h3 class=\"title title--h3 js-lines\">\n\t\t\t        \t<span >La salle de petit-d\u00e9jeuner<\/span>\n\t\t\t        <\/h3>\n\t\t\t        \t\t\t    <\/div>\n\t\t\t\t<div class=\"col-12 col-lg-6\">\n\t\t\t\t\t\t\t\t\t    <div class=\"paragraph js-scroll-show\">\n\t\t\t\t    \t<div ><div><div>La large salle de petit-d\u00e9jeuner a \u00e9t\u00e9 obtenue de la restructuration de la vieille \u00e9curie et o\u00f9 possible, les vo\u00fbtes originelles en brique ont \u00e9t\u00e9 conserv\u00e9es. Ici vous pouvez go\u00fbter tous les jours de 7.30 \u00e0 9.30 une riche et savoureuse petit-d\u00e9jeuner avec le buffet \u00e0 base de produits typiques de la zone avec aussi la caf\u00e9t\u00e9ria.<\/div><p>\u00a0<\/p><div>- Charcuterie<\/div><div>- Brioches, g\u00e2teaux, biscuits et pain<\/div><div>- Jus, confiture et miel<\/div><div>- Yagourt et fruit de saisons<\/div><div>- Bar et caf\u00e9t\u00e9ria<\/div><div>\u00a0<\/div><div>En \u00e9t\u00e9 le petit-d\u00e9jeuner est servi dans le jardin. Le service bar et caf\u00e9t\u00e9ria est disponible en dehors de l\u2019heures du petit-d\u00e9jeuner comme un service extra. C\u2019est possible r\u00e9server la salle pour f\u00eates, banquets et congr\u00e8s.<\/div><\/div><\/div>\n\t\t\t\t    <\/div>\n\t\t\t\t    \t\t\t\t<\/div>\n\t\t\t<\/div>\n\t\t\t\t\t\t<!-- Item Approach -->\n\t\t\t<div class=\"row item-approach\" data-approach=\"02\">\n\t\t        <div class=\"col-12 col-lg-6\">\n\t\t\t        \t\t\t        <h3 class=\"title title--h3 js-lines\">\n\t\t\t        \t<span >L'oenoth\u00e8que<\/span>\n\t\t\t        <\/h3>\n\t\t\t        \t\t\t    <\/div>\n\t\t\t\t<div class=\"col-12 col-lg-6\">\n\t\t\t\t\t\t\t\t\t    <div class=\"paragraph js-scroll-show\">\n\t\t\t\t    \t<div ><div><div>L\u2019oenoth\u00e8que souterraine, obtenue enti\u00e8rement avec sa vo\u00fbte particuli\u00e8re en brique est le lieu id\u00e9al pour conserver et exposer certains vins tr\u00e8s pr\u00e9cieux de la zone.<\/div><br \/><div>En plus de la conservation, l\u2019oenoth\u00e8que est un bon contexte pour go\u00fbter le vins s\u00e9lectionn\u00e9s, apr\u00e8s la r\u00e9servation.<\/div><br \/><div>C\u2019est possible planifier une visite \u00e0 une des cantines affili\u00e9es afin d\u2019observer les diff\u00e9rentes phases de la production du vin de pr\u00e8s.<\/div><\/div><\/div>\n\t\t\t\t    <\/div>\n\t\t\t\t    \t\t\t\t<\/div>\n\t\t\t<\/div>\n\t\t\t\t\t\t<!-- Item Approach -->\n\t\t\t<div class=\"row item-approach\" data-approach=\"03\">\n\t\t        <div class=\"col-12 col-lg-6\">\n\t\t\t        \t\t\t        <h3 class=\"title title--h3 js-lines\">\n\t\t\t        \t<span >Le jardin<\/span>\n\t\t\t        <\/h3>\n\t\t\t        \t\t\t    <\/div>\n\t\t\t\t<div class=\"col-12 col-lg-6\">\n\t\t\t\t\t\t\t\t\t    <div class=\"paragraph js-scroll-show\">\n\t\t\t\t    \t<div ><div><div>Le jardin est un espace o\u00f9 vous pouvez vous relaxer couch\u00e9s sur le doux tapis vert ou assis \u00e0 l\u2019ombre de la pergola, en lisant un bon livre et \u00e9coutant de la musique, observant le Langhe et les beaut\u00e9s que nous offre et qui rendent ce moment unique.<\/div><br \/><div>Pour les plus petits il y a une aire de jeux o\u00f9 ils peuvents s\u2019amuser en pleine tranquillit\u00e9.<\/div><br \/><div>En \u00e9t\u00e9 le petit-d\u00e9jeuner est servi dans le jardin.<\/div><\/div><\/div>\n\t\t\t\t    <\/div>\n\t\t\t\t    \t\t\t\t<\/div>\n\t\t\t<\/div>\n\t\t\t\t\t\t<!-- Item Approach -->\n\t\t\t<div class=\"row item-approach\" data-approach=\"04\">\n\t\t        <div class=\"col-12 col-lg-6\">\n\t\t\t        \t\t\t        <h3 class=\"title title--h3 js-lines\">\n\t\t\t        \t<span >La salle de lecture<\/span>\n\t\t\t        <\/h3>\n\t\t\t        \t\t\t    <\/div>\n\t\t\t\t<div class=\"col-12 col-lg-6\">\n\t\t\t\t\t\t\t\t\t    <div class=\"paragraph js-scroll-show\">\n\t\t\t\t    \t<div ><div><div>La salle de lecture a \u00e9t\u00e9 obtenue dans la mansarde en haut de l'escalier centrale du hameau, o\u00f9 vous pouvez trouver toutes les informations sur les attractions touristiques de la zone, ou profiter des livres mis \u00e0 la disposition.<\/div><\/div><\/div>\n\t\t\t\t    <\/div>\n\t\t\t\t    \t\t\t\t<\/div>\n\t\t\t<\/div>\n\t\t\t\t\t\t\t\t<\/section>\n\n\t\t\t\t<\/div>\n\t\t\t\t<\/div>\n\t\t\t\t\t<\/div>\n\t\t<\/div>\n\t\t\t\t\t<\/div>\n\t\t<\/section>\n\t\t\t\t<section class=\"elementor-section elementor-top-section elementor-element elementor-element-08c3c50 elementor-section-full_width elementor-section-height-default elementor-section-height-default\" data-id=\"08c3c50\" data-element_type=\"section\">\n\t\t\t\t\t\t<div class=\"elementor-container elementor-column-gap-no\">\n\t\t\t\t\t<div class=\"elementor-column elementor-col-100 elementor-top-column elementor-element elementor-element-5081398\" data-id=\"5081398\" data-element_type=\"column\">\n\t\t\t<div class=\"elementor-widget-wrap elementor-element-populated\">\n\t\t\t\t\t\t<div class=\"elementor-element elementor-element-c8dc4a5 elementor-align-left elementor-widget elementor-widget-sochi-intro-text\" data-id=\"c8dc4a5\" data-element_type=\"widget\" data-widget_type=\"sochi-intro-text.default\">\n\t\t\t\t<div class=\"elementor-widget-container\">\n\t\t\t\n\t\t<!-- Section About Us -->\n\t    <section id=\"about\" class=\"container section\">\n\t        <div class=\"row\">\n\t        \t\t\t        <div class=\"col-12 col-lg-5\">\n\t\t\t        \t\t\t        <span class=\"title title--overhead js-lines\">\n\t\t\t        \t<span >Hospitalit\u00e9<\/span>\n\t\t\t        <\/span>\n\t\t\t        \t\t\t        \t\t\t        <h3 class=\"title title--h1 js-lines\">\n\t\t\t        \t<span >Les chambres<\/span>\n\t\t\t        <\/h3>\n\t\t\t        \t\t\t    <\/div>\n\t\t\t    \t\t\t    \t\t\t\t<div class=\"col-12 col-lg-6 offset-lg-1 offset-top\">\n\t\t\t\t    <div class=\"paragraph js-scroll-show\">\n\t\t\t\t    \t<div >\n\t\t\t\t    \t\t<div><div><a href=\"https:\/\/www.cascinabellonuovo.com\/fr\/ospitalita\/\">L\u2019appartement et les chambres<\/a> de l\u2019agritourisme sont caract\u00e9ris\u00e9s par le voutes en briques expos\u00e9s, \u00e0 l\u2019exception de la chambre Chocolat qui a des lignes plus modernes et se caract\u00e9rise par une poutrelle retrouv\u00e9e pendant la restructuration. Les chambres se profilent sur le jardin de l\u2019agritourisme \u00e0 l'exception de la chambre Noisette et une des deux chambres de l\u2019appartement Miel qui se trouvent sur le le cour commun; toutes les chambres jouissent d\u2019une vue sur les collines entourant.<\/div><\/div>\t\t\n\t\t\t\t    \t<\/div>\n\t\t\t\t    <\/div>\n\t\t\t\t<\/div>\n\t\t\t\t\t\t    <\/div>\n\t\t<\/section>\n\n\t\t\t\t<\/div>\n\t\t\t\t<\/div>\n\t\t\t\t<div class=\"elementor-element elementor-element-548b667 elementor-widget elementor-widget-sochi-images-carousel\" data-id=\"548b667\" data-element_type=\"widget\" data-widget_type=\"sochi-images-carousel.default\">\n\t\t\t\t<div class=\"elementor-widget-container\">\n\t\t\t\t\t\n\t\t\t\t<!-- Section Images Carousel -->\n\t    <section class=\"container section\">\n\t    \t<div class=\"row\">\n\n\t    \t\t<div class=\"slider-about col-fullwidth swiper-container\">\n                    <div class=\"swiper-wrapper\">\n\t\t\t            \t\t\t            <!-- Slide 1 -->\n\t\t\t            <div class=\"swiper-slide\">\n\t\t\t            \t\t\t\t\t            <div class=\"coverSlider js-image\" data-image=\"\" title=\"Agriturismo\"><\/div>\n\t\t\t\t            \t\t\t\t        <\/div>\n\t\t\t\t\t\t\t\t\t            <!-- Slide 1 -->\n\t\t\t            <div class=\"swiper-slide\">\n\t\t\t            \t\t\t\t\t            <div class=\"coverSlider js-image\" data-image=\"\" title=\"Colazione\"><\/div>\n\t\t\t\t            \t\t\t\t        <\/div>\n\t\t\t\t\t\t\t\t\t            <!-- Slide 1 -->\n\t\t\t            <div class=\"swiper-slide\">\n\t\t\t            \t\t\t\t\t            <div class=\"coverSlider js-image\" data-image=\"\" title=\"Tavola colazione\"><\/div>\n\t\t\t\t            \t\t\t\t        <\/div>\n\t\t\t\t\t\t\t\t\t            <!-- Slide 1 -->\n\t\t\t            <div class=\"swiper-slide\">\n\t\t\t            \t\t\t\t\t            <div class=\"coverSlider js-image\" data-image=\"https:\/\/www.cascinabellonuovo.com\/wp-content\/uploads\/2021\/09\/enoteca-langhe-cascina-bellonuovo.jpeg\" title=\"Enoteca\"><\/div>\n\t\t\t\t            \t\t\t\t        <\/div>\n\t\t\t\t\t\t\t\t\t            <!-- Slide 1 -->\n\t\t\t            <div class=\"swiper-slide\">\n\t\t\t            \t\t\t\t\t            <div class=\"coverSlider js-image\" data-image=\"\" title=\"Stanza lettura\"><\/div>\n\t\t\t\t            \t\t\t\t        <\/div>\n\t\t\t\t\t\t\t\t\t            <!-- Slide 1 -->\n\t\t\t            <div class=\"swiper-slide\">\n\t\t\t            \t\t\t\t\t            <div class=\"coverSlider js-image\" data-image=\"https:\/\/www.cascinabellonuovo.com\/wp-content\/uploads\/2021\/09\/cascina-bellonuovo-agriturismo-langhe-camera-vino-1920x1280.jpeg\" title=\"Camera Vino\"><\/div>\n\t\t\t\t            \t\t\t\t        <\/div>\n\t\t\t\t\t\t\t\t\t            <!-- Slide 1 -->\n\t\t\t            <div class=\"swiper-slide\">\n\t\t\t            \t\t\t\t\t            <div class=\"coverSlider js-image\" data-image=\"https:\/\/www.cascinabellonuovo.com\/wp-content\/uploads\/2021\/09\/bellonuovo-cioccolato-01-1920x1280.jpg\" title=\"Camera Cioccolato\"><\/div>\n\t\t\t\t            \t\t\t\t        <\/div>\n\t\t\t\t\t\t\t\t\t            <!-- Slide 1 -->\n\t\t\t            <div class=\"swiper-slide\">\n\t\t\t            \t\t\t\t\t            <div class=\"coverSlider js-image\" data-image=\"https:\/\/www.cascinabellonuovo.com\/wp-content\/uploads\/2021\/09\/cascina-bellonuovo-agriturismo-langhe-camera-nocciola-1920x1280.jpeg\" title=\"Camera Nocciola\"><\/div>\n\t\t\t\t            \t\t\t\t        <\/div>\n\t\t\t\t\t\t\t\t\t            <!-- Slide 1 -->\n\t\t\t            <div class=\"swiper-slide\">\n\t\t\t            \t\t\t\t\t            <div class=\"coverSlider js-image\" data-image=\"https:\/\/www.cascinabellonuovo.com\/wp-content\/uploads\/2021\/09\/cascina-bellonuovo-appartamento-langhe-miele-1920x1280.jpeg\" title=\"Appartamento Miele\"><\/div>\n\t\t\t\t            \t\t\t\t        <\/div>\n\t\t\t\t\t\t\t\t            <\/div>\n\t\t\t\t\t\n\t\t            <!-- Navigation -->\n\t\t\t\t\t<div class=\"swiper-control-center\">\n\t\t\t\t\t    <div class=\"swiper-control swiper-control--bottom\">\n\t\t\t\t\t\t    <div class=\"slash\">\n                                <div class=\"swiper-button-next swiper-button-square\"><i class=\"icon-chevron-left\"><\/i><\/div>\n\t\t\t\t                <div class=\"swiper-button-prev swiper-button-square\"><i class=\"icon-chevron-right\"><\/i><\/div>\n\t\t\t\t\t\t    <\/div>\n\t\t\t            <\/div>\n\t\t\t\t\t<\/div>\n\t\t        <\/div>\n\n\t\t    <\/div>\n\n\t\t<\/section>\n\t    \n\t\t\t\t<\/div>\n\t\t\t\t<\/div>\n\t\t\t\t\t<\/div>\n\t\t<\/div>\n\t\t\t\t\t<\/div>\n\t\t<\/section>\n\t\t\t\t<section class=\"elementor-section elementor-top-section elementor-element elementor-element-b7df74 elementor-section-content-middle elementor-section-boxed elementor-section-height-default elementor-section-height-default\" data-id=\"b7df74\" data-element_type=\"section\" data-settings=\"{&quot;background_background&quot;:&quot;classic&quot;}\">\n\t\t\t\t\t\t<div class=\"elementor-container elementor-column-gap-default\">\n\t\t\t\t\t<div class=\"elementor-column elementor-col-33 elementor-top-column elementor-element elementor-element-7643d127\" data-id=\"7643d127\" data-element_type=\"column\">\n\t\t\t<div class=\"elementor-widget-wrap elementor-element-populated\">\n\t\t\t\t\t\t<div class=\"elementor-element elementor-element-6a65ad7d elementor-widget elementor-widget-heading\" data-id=\"6a65ad7d\" data-element_type=\"widget\" data-widget_type=\"heading.default\">\n\t\t\t\t<div class=\"elementor-widget-container\">\n\t\t\t<style>\/*! elementor - v3.20.0 - 26-03-2024 *\/\n.elementor-heading-title{padding:0;margin:0;line-height:1}.elementor-widget-heading .elementor-heading-title[class*=elementor-size-]>a{color:inherit;font-size:inherit;line-height:inherit}.elementor-widget-heading .elementor-heading-title.elementor-size-small{font-size:15px}.elementor-widget-heading .elementor-heading-title.elementor-size-medium{font-size:19px}.elementor-widget-heading .elementor-heading-title.elementor-size-large{font-size:29px}.elementor-widget-heading .elementor-heading-title.elementor-size-xl{font-size:39px}.elementor-widget-heading .elementor-heading-title.elementor-size-xxl{font-size:59px}<\/style><h5 class=\"elementor-heading-title elementor-size-default\">Contacts<\/h5>\t\t<\/div>\n\t\t\t\t<\/div>\n\t\t\t\t<div class=\"elementor-element elementor-element-bb6679b elementor-widget elementor-widget-text-editor\" data-id=\"bb6679b\" data-element_type=\"widget\" data-widget_type=\"text-editor.default\">\n\t\t\t\t<div class=\"elementor-widget-container\">\n\t\t\t<style>\/*! elementor - v3.20.0 - 26-03-2024 *\/\n.elementor-widget-text-editor.elementor-drop-cap-view-stacked .elementor-drop-cap{background-color:#69727d;color:#fff}.elementor-widget-text-editor.elementor-drop-cap-view-framed .elementor-drop-cap{color:#69727d;border:3px solid;background-color:transparent}.elementor-widget-text-editor:not(.elementor-drop-cap-view-default) .elementor-drop-cap{margin-top:8px}.elementor-widget-text-editor:not(.elementor-drop-cap-view-default) .elementor-drop-cap-letter{width:1em;height:1em}.elementor-widget-text-editor .elementor-drop-cap{float:left;text-align:center;line-height:1;font-size:50px}.elementor-widget-text-editor .elementor-drop-cap-letter{display:inline-block}<\/style>\t\t\t\t<p>+39 0173 064749<br \/>+39 393 5172637<br \/><a href=\"mailto:info@cascinabellonuovo.com\">info@cascinabellonuovo.com<\/a><\/p>\t\t\t\t\t\t<\/div>\n\t\t\t\t<\/div>\n\t\t\t\t\t<\/div>\n\t\t<\/div>\n\t\t\t\t<div class=\"elementor-column elementor-col-33 elementor-top-column elementor-element elementor-element-6252334f\" data-id=\"6252334f\" data-element_type=\"column\">\n\t\t\t<div class=\"elementor-widget-wrap elementor-element-populated\">\n\t\t\t\t\t\t<div class=\"elementor-element elementor-element-41e85bb9 elementor-widget elementor-widget-image\" data-id=\"41e85bb9\" data-element_type=\"widget\" data-widget_type=\"image.default\">\n\t\t\t\t<div class=\"elementor-widget-container\">\n\t\t\t<style>\/*! elementor - v3.20.0 - 26-03-2024 *\/\n.elementor-widget-image{text-align:center}.elementor-widget-image a{display:inline-block}.elementor-widget-image a img[src$=\".svg\"]{width:48px}.elementor-widget-image img{vertical-align:middle;display:inline-block}<\/style>\t\t\t\t\t\t\t\t\t\t<img decoding=\"async\" width=\"200\" height=\"200\" src=\"https:\/\/www.cascinabellonuovo.com\/wp-content\/uploads\/2021\/09\/ok_Tripadvisor_Bellonuovo2020_voto.jpg\" class=\"attachment-full size-full wp-image-2320\" alt=\"\" srcset=\"https:\/\/www.cascinabellonuovo.com\/wp-content\/uploads\/2021\/09\/ok_Tripadvisor_Bellonuovo2020_voto.jpg 200w, https:\/\/www.cascinabellonuovo.com\/wp-content\/uploads\/2021\/09\/ok_Tripadvisor_Bellonuovo2020_voto-150x150.jpg 150w\" sizes=\"(max-width: 200px) 100vw, 200px\" \/>\t\t\t\t\t\t\t\t\t\t\t\t\t<\/div>\n\t\t\t\t<\/div>\n\t\t\t\t\t<\/div>\n\t\t<\/div>\n\t\t\t\t<div class=\"elementor-column elementor-col-33 elementor-top-column elementor-element elementor-element-22ba9be0\" data-id=\"22ba9be0\" data-element_type=\"column\">\n\t\t\t<div class=\"elementor-widget-wrap elementor-element-populated\">\n\t\t\t\t\t\t<div class=\"elementor-element elementor-element-527fa0ef elementor-widget elementor-widget-image\" data-id=\"527fa0ef\" data-element_type=\"widget\" data-widget_type=\"image.default\">\n\t\t\t\t<div class=\"elementor-widget-container\">\n\t\t\t\t\t\t\t\t\t\t\t\t\t<img decoding=\"async\" width=\"200\" height=\"200\" src=\"https:\/\/www.cascinabellonuovo.com\/wp-content\/uploads\/2021\/09\/ok_Booking_Bellonuovo2020_voto.png\" class=\"attachment-full size-full wp-image-2319\" alt=\"\" srcset=\"https:\/\/www.cascinabellonuovo.com\/wp-content\/uploads\/2021\/09\/ok_Booking_Bellonuovo2020_voto.png 200w, https:\/\/www.cascinabellonuovo.com\/wp-content\/uploads\/2021\/09\/ok_Booking_Bellonuovo2020_voto-150x150.png 150w\" sizes=\"(max-width: 200px) 100vw, 200px\" \/>\t\t\t\t\t\t\t\t\t\t\t\t\t<\/div>\n\t\t\t\t<\/div>\n\t\t\t\t\t<\/div>\n\t\t<\/div>\n\t\t\t\t\t<\/div>\n\t\t<\/section>\n\t\t\t\t<\/div>\n\t\t","protected":false},"excerpt":{"rendered":"<p>Notre agritourisme vous offre beaucoup d&#8217;espaces communs qui vous permettent de vous relaxer au milieu de la nature et de l\u2019architecture. Bienvenue Scroll Agritourisme Nos Services La salle de petit-d\u00e9jeuner La large salle de petit-d\u00e9jeuner a \u00e9t\u00e9 obtenue de la restructuration de la vieille&#8230; <\/p>\n<div class=\"itemNews__readmore\"><a href=\"https:\/\/www.cascinabellonuovo.com\/fr\/agritourisme\/\" class=\"btn-link\">READ MORE<\/a><\/div>\n","protected":false},"author":1,"featured_media":0,"parent":0,"menu_order":0,"comment_status":"closed","ping_status":"closed","template":"elementor_header_footer","meta":{"_seopress_robots_primary_cat":"","_seopress_titles_title":"","_seopress_titles_desc":"","_seopress_robots_index":"","footnotes":""},"class_list":["post-1934","page","type-page","status-publish","hentry"],"_links":{"self":[{"href":"https:\/\/www.cascinabellonuovo.com\/fr\/wp-json\/wp\/v2\/pages\/1934","targetHints":{"allow":["GET"]}}],"collection":[{"href":"https:\/\/www.cascinabellonuovo.com\/fr\/wp-json\/wp\/v2\/pages"}],"about":[{"href":"https:\/\/www.cascinabellonuovo.com\/fr\/wp-json\/wp\/v2\/types\/page"}],"author":[{"embeddable":true,"href":"https:\/\/www.cascinabellonuovo.com\/fr\/wp-json\/wp\/v2\/users\/1"}],"replies":[{"embeddable":true,"href":"https:\/\/www.cascinabellonuovo.com\/fr\/wp-json\/wp\/v2\/comments?post=1934"}],"version-history":[{"count":0,"href":"https:\/\/www.cascinabellonuovo.com\/fr\/wp-json\/wp\/v2\/pages\/1934\/revisions"}],"wp:attachment":[{"href":"https:\/\/www.cascinabellonuovo.com\/fr\/wp-json\/wp\/v2\/media?parent=1934"}],"curies":[{"name":"wp","href":"https:\/\/api.w.org\/{rel}","templated":true}]}}